{"id":6711,"date":"2023-05-11T18:33:14","date_gmt":"2023-05-11T16:33:14","guid":{"rendered":"https:\/\/centrocaninosiemprecan.es\/?page_id=6711"},"modified":"2023-05-11T19:34:14","modified_gmt":"2023-05-11T17:34:14","slug":"politica-privacidade","status":"publish","type":"page","link":"https:\/\/centrocaninosiemprecan.es\/pt-pt\/politica-privacidade\/","title":{"rendered":"Pol\u00edtica de Privacidade"},"content":{"rendered":"<p>Garantir a privacidade dos dados que nos fornece \u00e9 uma tarefa fundamental para o Centro Canino Las Almenas, por isso pedimos que leia atentamente esta pol\u00edtica de privacidade e nos forne\u00e7a seus dados apenas se estiver totalmente de acordo com a forma de trat\u00e1-los.<\/p>\n<p>Assim, como usu\u00e1rio, voc\u00ea pode ter certeza de que seus direitos relacionados \u00e0 prote\u00e7\u00e3o de seus dados est\u00e3o garantidos. Se voc\u00ea tiver mais de 13 anos, pode se registrar neste site, mas se n\u00e3o for o caso, exigimos o consentimento de seus pais ou respons\u00e1veis pelo tratamento de seus dados pessoais..<\/p>\n<p>Por favor, neste caso, leia as informa\u00e7\u00f5es a seguir.<\/p>\n<p>Esta Pol\u00edtica de Privacidade pode variar de acordo com futuras exig\u00eancias legislativas ou de autorregula\u00e7\u00e3o, portanto, recomendamos que consulte esta p\u00e1gina sempre que nos fornecer dados.<\/p>\n<p>Data da \u00faltima atualiza\u00e7\u00e3o: 06 de junho de 2018 Respons\u00e1vel pelo tratamento dos seus dados pessoaisIdentidade da pessoa respons\u00e1vel: Ana Ru\u00edz Herraiz<\/p>\n<p>Nome comercial: Centro Canino Las Almenas, S.L.CIF: B-52548484<\/p>\n<p>Endere\u00e7o: Camino Pasquin 627, C.P. 33697, Serin &#8211; Gij\u00f3n (Ast\u00farias)<\/p>\n<p>E-mail: info@almenas.es<\/p>\n<p>Atividade: Loja online, hotel canino, sal\u00e3o de beleza e criadouro<\/p>\n<p>Tamb\u00e9m informamos que este site cumpre rigorosamente com: A Lei Org\u00e2nica 15\/1999, de 13 de dezembro, de Prote\u00e7\u00e3o de Dados de Car\u00e1ter Pessoal (LOPD)Com o Real Decreto 1720\/2007, de 21 de dezembro, conhecido como o Regulamento de desenvolvimento da LOPD..<\/p>\n<p>Com o Regulamento (UE) 2016\/679 do Parlamento Europeu e do Conselho, de 27 de abril de 2016, relativo \u00e0 prote\u00e7\u00e3o das pessoas f\u00edsicas (RGPD)Com a Lei 34\/2002, de 11 de julho, de Servi\u00e7os da Sociedade da Informa\u00e7\u00e3o e Com\u00e9rcio Eletr\u00f3nico (LSSICE ou LSSI).Princ\u00edpios que aplicamos \u00e0s suas informa\u00e7\u00f5es pessoais<\/p>\n<p>Aplicamos os seguintes princ\u00edpios, que est\u00e3o em conformidade com as exig\u00eancias do Regulamento Geral de Prote\u00e7\u00e3o de Dados, ao tratar os seus dados pessoais:<\/p>\n<p>Princ\u00edpio da licitude, lealdade e transpar\u00eancia: Sempre exigimos o seu consentimento para tratar seus dados pessoais para cada um dos fins espec\u00edficos. Em cada solicita\u00e7\u00e3o, informamos previamente e com absoluta transpar\u00eancia.<\/p>\n<p>Princ\u00edpio da minimiza\u00e7\u00e3o de dados: Solicitamos apenas os dados estritamente necess\u00e1rios para cada um dos fins para os quais os exigimos. Apenas o m\u00ednimo poss\u00edvel.<\/p>\n<p>Princ\u00edpio da limita\u00e7\u00e3o do prazo de conserva\u00e7\u00e3o: Mantemos os seus dados apenas pelo tempo necess\u00e1rio para os fins do tratamento, em fun\u00e7\u00e3o da finalidade, informaremos sobre o prazo de conserva\u00e7\u00e3o correspondente.<\/p>\n<p>No caso de assinaturas, revisaremos periodicamente nossas listas e eliminaremos os registros inativos durante um tempo consider\u00e1vel.<br \/>\n<\/p>\n<p>Princ\u00edpio da integridade e confidencialidade: Seus dados s\u00e3o tratados garantindo uma seguran\u00e7a adequada aos dados pessoais e garantindo a confidencialidade dos mesmos. Voc\u00ea deve saber que tomamos todas as precau\u00e7\u00f5es necess\u00e1rias para evitar o acesso n\u00e3o autorizado ou uso indevido dos dados dos usu\u00e1rios deste site por parte de terceiros. Dados que coletamos neste site<\/p>\n<p>Estas s\u00e3o as situa\u00e7\u00f5es em que solicitamos dados neste site:<\/p>\n<p>Quando voc\u00ea entra em contato com almenas.es atrav\u00e9s do formul\u00e1rio de contato. Os dados necess\u00e1rios s\u00e3o:<\/p>\n<p>Seu nome e endere\u00e7o de e-mail (obrigat\u00f3rios), um n\u00famero de telefone (se voc\u00ea considerar mais adequado que entremos em contato dessa maneira) e a mensagem que voc\u00ea deseja nos enviar.<\/p>\n<p>Quando voc\u00ea faz uma compra em nossa loja online.<\/p>\n<p>Os dados necess\u00e1rios s\u00e3o: aqueles necess\u00e1rios para emitir uma fatura e enviar o item que voc\u00ea compra.<\/p>\n<p>Lembre-se de que em nenhum caso solicitamos dados banc\u00e1rios ou do seu cart\u00e3o de cr\u00e9dito (voc\u00ea fornece esses dados \u00e0 institui\u00e7\u00e3o financeira respons\u00e1vel pela cobran\u00e7a) Finalidade dos dados<\/p>\n<p>Voc\u00ea deve estar ciente de que toda vez que acessa este site e fornece dados (por exemplo, quando preenche o formul\u00e1rio de contato), est\u00e1 fornecendo informa\u00e7\u00f5es pessoais para as quais Ana Ru\u00edz Herraiz \u00e9 respons\u00e1vel.<\/p>\n<p>Essa informa\u00e7\u00e3o pode incluir dados pessoais, como seu endere\u00e7o IP, nome, endere\u00e7o de e-mail, n\u00famero de telefone, etc. No momento em que voc\u00ea fornece essas informa\u00e7\u00f5es, est\u00e1 dando seu consentimento para que essas informa\u00e7\u00f5es sejam coletadas, usadas, gerenciadas e armazenadas por Ana Ru\u00edz Herraiz, apenas da maneira que indicamos no Aviso Legal e nesta Pol\u00edtica de Privacidade. A seguir, indicamos onde coletamos informa\u00e7\u00f5es pessoais e para que fim:<\/p>\n<p>Formul\u00e1rio de contato<\/p>\n<p>Solicitamos os seguintes dados pessoais: Nome, endere\u00e7o de e-mail, telefone e a mensagem. Solicitamos essas informa\u00e7\u00f5es para responder \u00e0s suas solicita\u00e7\u00f5es. Por exemplo, podemos usar esses dados para responder \u00e0 sua solicita\u00e7\u00e3o de informa\u00e7\u00f5es, responder a d\u00favidas, reclama\u00e7\u00f5es ou coment\u00e1rios sobre os produtos ou servi\u00e7os que oferecemos em nosso site.<\/p>\n<p>Formul\u00e1rio de dados de faturamento<\/p>\n<p>Solicitamos os seguintes dados pessoais: seu nome e sobrenome, n\u00famero de telefone, endere\u00e7o de e-mail, NIF ou CIF e o endere\u00e7o para faturar e\/ou enviar sua compra (endere\u00e7o, c\u00f3digo postal, cidade, prov\u00edncia e pa\u00eds). De forma n\u00e3o obrigat\u00f3ria, voc\u00ea pode nos fornecer o nome da empresa (caso a compra seja feita por uma empresa) e informa\u00e7\u00f5es adicionais que deseja incluir no seu pedido.<\/p>\n<p>Usamos esses dados para enviar sua compra e emitir a fatura correspondente.<\/p>\n<p>Informamos que os dados que voc\u00ea nos fornece estar\u00e3o localizados nos servidores da Web empresa dentro da UE. Legitima\u00e7\u00e3o para o tratamento de seus dados<\/p>\n<p>A base legal para o tratamento de seus dados \u00e9 o consentimento de sua parte.<\/p>\n<p>Para entrar em contato, assinar ou fazer compras neste site, sempre exigimos seu consentimento com esta pol\u00edtica de privacidade. A oferta prospectiva ou comercial de nossos servi\u00e7os \u00e9 baseada no consentimento que solicitamos. Tempo durante o qual conservaremos seus dados<\/p>\n<p>Manteremos seus dados enquanto voc\u00ea n\u00e3o nos solicitar para remov\u00ea-los. Outros destinat\u00e1rios dos seus dados pessoais<\/p>\n<p>Para que este site funcione corretamente e possamos fornecer o servi\u00e7o de informa\u00e7\u00e3o oferecido, compartilhamos seus dados com as seguintes pessoas ou empresas sob suas respectivas pol\u00edticas de privacidade:<\/p>\n<p>Google Analytics: Servi\u00e7o de an\u00e1lise de sites fornecido pela Google, Inc., uma empresa de Delaware com sede principal em 1600 Amphitheatre Parkway, Mountain View (Calif\u00f3rnia), CA 94043, Estados Unidos (&#8220;Google&#8221;). O Google Analytics utiliza cookies, que s\u00e3o arquivos de texto localizados no seu computador, para ajudar almenas.es a analisar o uso que os usu\u00e1rios fazem do site. As informa\u00e7\u00f5es geradas pelo cookie sobre o uso em almenas.es (incluindo seu endere\u00e7o IP) ser\u00e3o transmitidas diretamente e armazenadas pelo Google em seus servidores nos Estados Unidos.<\/p>\n<p>A Google adere ao acordo EU-US Privacy Shield, cujas informa\u00e7\u00f5es voc\u00ea pode consultar aqui, aprovado pelo Comit\u00ea Europeu de Prote\u00e7\u00e3o de Dados.<\/p>\n<p>Voc\u00ea pode consultar suas condi\u00e7\u00f5es legais aqui. Hospedagem: WEBEMPRESA EUROPA, S.L. (empresa identificada com a marca comercial Webempresa), com sede social em C\/ Almagro 11 6\u00ba 7\u00aa 1 . 28010 Madrid, inscrita no Registro Mercantil de Madrid, Tomo 37232, Folio 212, Hoja M 664086, Se\u00e7\u00e3o 8, inscri\u00e7\u00e3o 1 e 2. Com C.I.F.: B-65739856, que fornece os servi\u00e7os de hospedagem do site almenas.es.<\/p>\n<p>Voc\u00ea pode consultar suas condi\u00e7\u00f5es legais aqui. Seus direitos ao nos fornecer seus dados Como usu\u00e1rio de almenas.es, a legisla\u00e7\u00e3o vigente em mat\u00e9ria de Prote\u00e7\u00e3o de Dados lhe d\u00e1 o direito de: Solicitar acesso aos seus dados pessoais.<\/p>\n<p>Solicitar a retifica\u00e7\u00e3o ou exclus\u00e3o a qualquer momento. Solicitar a limita\u00e7\u00e3o do seu tratamento<\/p>\n<p>Opor-se ao seu tratamento<\/p>\n<p>Solicitar a portabilidade dos seus dados<\/p>\n<p>Voc\u00ea poder\u00e1 acessar seus dados pessoais, bem como solicitar a retifica\u00e7\u00e3o dos dados imprecisos ou, se for o caso, solicitar a exclus\u00e3o quando, entre outros motivos poss\u00edveis, os dados n\u00e3o forem mais necess\u00e1rios para os fins para os quais foram coletados.<\/p>\n<p>Voc\u00ea poder\u00e1 solicitar a limita\u00e7\u00e3o do tratamento de seus dados, e nesse caso, os manteremos apenas para o exerc\u00edcio ou defesa de reivindica\u00e7\u00f5es.<\/p>\n<p>Em certas circunst\u00e2ncias e por motivos relacionados \u00e0 sua situa\u00e7\u00e3o particular, voc\u00ea poder\u00e1 se opor ao tratamento de seus dados. Nesse caso, Ana Ru\u00edz Herraiz deixar\u00e1 de tratar seus dados, exceto por motivos leg\u00edtimos imperiosos, ou para o exerc\u00edcio ou defesa de poss\u00edveis reivindica\u00e7\u00f5es. Se voc\u00ea exercer seu direito \u00e0 portabilidade dos dados, ter\u00e1 o direito de que os dados pessoais sejam transmitidos diretamente de um respons\u00e1vel para outro quando for tecnicamente poss\u00edvel.<\/p>\n<p>Lembre-se de que o exerc\u00edcio desses direitos \u00e9 pessoal e, portanto, deve ser exercido diretamente pelo interessado, solicitando-o diretamente a Ana Ru\u00edz Herraiz, o que significa que qualquer pessoa que fornecer seus dados a qualquer momento neste site, pode se dirigir a Ana Ru\u00edz Herraiz e pedir informa\u00e7\u00f5es sobre os dados armazenados, como os obteve, pode solicitar a retifica\u00e7\u00e3o dos mesmos, opor-se ao tratamento, limitar seu uso ou, se for o caso, solicitar o cancelamento desses dados em seus arquivos.<\/p>\n<p>Voc\u00ea pode nos enviar qualquer solicita\u00e7\u00e3o desse tipo e assim exercer seus direitos por meio de um e-mail para info@almenas.es, juntamente com uma prova v\u00e1lida em direito, como uma fotoc\u00f3pia do seu DNI ou equivalente, indicando no assunto \u201cPROTE\u00c7\u00c3O DE DADOS\u201d.<\/p>\n<p>Tamb\u00e9m tens direito \u00e0 tutela judicial efetiva e a apresentar uma reclama\u00e7\u00e3o perante a autoridade de controle, que no caso da Espanha \u00e9 a Ag\u00eancia Espanhola de Prote\u00e7\u00e3o de Dados, se consideras que o tratamento dos teus dados pessoais infringe o regulamento. Medidas de seguran\u00e7a e confidencialidade<\/p>\n<p>Os teus dados pessoais s\u00e3o tratados com a m\u00e1xima confidencialidade, tendo a pessoa respons\u00e1vel adotado as medidas de ordem t\u00e9cnica e organizativa necess\u00e1rias para garantir a confidencialidade e seguran\u00e7a dos teus dados pessoais, evitando a sua altera\u00e7\u00e3o, perda, tratamento ou acesso n\u00e3o autorizado. Tudo isso em conformidade com a legisla\u00e7\u00e3o vigente de prote\u00e7\u00e3o de dados.<\/p>\n<p>Al\u00e9m disso, no site almenas.es, est\u00e1 instalado um certificado de seguran\u00e7a SSL que encripta os dados que envias atrav\u00e9s do site.<\/p>\n<p>Obviamente, Ana Ru\u00edz Herraiz n\u00e3o pode garantir a absoluta invulnerabilidade do site &#8211; e consequentemente dos dados armazenados &#8211; mediante acessos fraudulentos por parte de terceiros como hackers.<\/p>\n<p>Em rela\u00e7\u00e3o \u00e0 confidencialidade no tratamento dos teus dados, Ana Ru\u00edz Herraiz garante que qualquer pessoa que esteja autorizada por Ana Ru\u00edz Herraiz para tratar os teus dados (incluindo o pessoal, colaboradores ou fornecedores), ser\u00e1 obrigada a manter a confidencialidade (seja um dever contratual ou legal). No caso de ocorrer algum incidente de seguran\u00e7a, no momento em que tiver conhecimento do mesmo, desde almenas.es ser\u00e1s notificado de imediato e ser\u00e3o fornecidas todas as informa\u00e7\u00f5es necess\u00e1rias relacionadas a esse incidente, conforme se tenha conhecimento do mesmo ou quando solicitado razoavelmente. Modifica\u00e7\u00e3o da pol\u00edtica de privacidade<\/p>\n<p>Reservamo-nos o direito de modificar a pol\u00edtica de privacidade. Se for modificada, a nova pol\u00edtica de privacidade ser\u00e1 publicada pelo menos dez dias antes da sua aplica\u00e7\u00e3o efetiva. O uso do site almenas.es ap\u00f3s as altera\u00e7\u00f5es efetuadas implicar\u00e1 a aceita\u00e7\u00e3o dos mesmos. Informa\u00e7\u00e3o adicional de interesse<\/p>\n<p>A informa\u00e7\u00e3o que te fornecemos at\u00e9 este ponto consideramos que \u00e9 a de maior import\u00e2ncia, embora a que expomos a seguir tamb\u00e9m possa ser de teu interesse, por ser igualmente relativa \u00e0 prote\u00e7\u00e3o dos teus dados.<\/p>\n<p>Categoria de dados<\/p>\n<p>As categorias de dados que s\u00e3o tratados em almenas.es s\u00e3o simplesmente dados identificativos.<\/p>\n<p>Portanto, n\u00e3o s\u00e3o tratadas categorias de dados especialmente protegidos, como podem ser dados de sa\u00fade; de ideologia pol\u00edtica, religiosa ou filos\u00f3fica; filia\u00e7\u00e3o sindical, dados de orienta\u00e7\u00e3o sexual ou qualquer outro tratamento de dados que represente um alto risco para os direitos e liberdades das pessoas.<\/p>\n<p>Navega\u00e7\u00e3o<\/p>\n<p>Enquanto navegas pelo almenas.es, podem ser recolhidos dados n\u00e3o identific\u00e1veis, que podem incluir: endere\u00e7os IP, localiza\u00e7\u00e3o geogr\u00e1fica aproximada, um registro de como os servi\u00e7os do site s\u00e3o utilizados e outros dados que n\u00e3o podem ser utilizados para te identificar. Entre esses dados n\u00e3o identificativos est\u00e3o tamb\u00e9m os relacionados aos teus h\u00e1bitos de navega\u00e7\u00e3o atrav\u00e9s de servi\u00e7os de terceiros.<\/p>\n<p>Neste site, s\u00e3o utilizados os seguintes servi\u00e7os de an\u00e1lise de terceiros:<\/p>\n<p>Google Analytics<\/p>\n<p>Usamos essas informa\u00e7\u00f5es para analisar tend\u00eancias, administrar o site, monitorar os movimentos dos utilizadores enquanto est\u00e3o no site e para recolher informa\u00e7\u00f5es demogr\u00e1ficas sobre os utilizadores como um todo.<\/p>\n<p>Usamos essas informa\u00e7\u00f5es para melhorar a navegabilidade do site e tentar oferecer o melhor servi\u00e7o poss\u00edvel.<\/p>\n<p>Exatid\u00e3o e veracidade dos dadosDeves ter em conta que, como utilizador, \u00e9s o \u00fanico respons\u00e1vel pela veracidade e corre\u00e7\u00e3o dos dados fornecidos no almenas.es, isentando Ana Ru\u00edz Herraiz de qualquer responsabilidade a este respeito.<\/p>\n<p>Isso significa que os utilizadores garantem e respondem, em qualquer caso, pela exatid\u00e3o, atualidade e autenticidade dos dados pessoais fornecidos e comprometem-se a mant\u00ea-los devidamente atualizados.<\/p>\n<p>O utilizador concorda em fornecer informa\u00e7\u00f5es completas e corretas em cada formul\u00e1rio presente no almenas.es.<\/p>\n<p>Aceita\u00e7\u00e3o e consentimento<\/p>\n<p>A pol\u00edtica de privacidade \u00e9 um contrato entre ti, como utilizador do almenas.es e Ana Ru\u00edz Herraiz, por isso \u00e9 necess\u00e1rio que a leias e estejas de acordo com estas condi\u00e7\u00f5es sobre a prote\u00e7\u00e3o dos teus dados pessoais, aceitando e consentindo o tratamento dos mesmos por parte de Ana Ru\u00edz Herraiz, da forma e para as finalidades indicadas nesta pol\u00edtica e no aviso legal.<\/p>\n<p>Por favor, em caso de d\u00favidas ou coment\u00e1rios, entre em contato com Ana Ru\u00edz Herraiz atrav\u00e9s do e-mail: <a href=\"mailto:info@almenas.esRevogabilidadeO\" target=\"_new\" rel=\"noopener\">info@almenas.es Revogabilida de O<\/a> consentimento que prestas a Ana Ru\u00edz Herraiz, tanto para o tratamento como para a cess\u00e3o dos teus dados, \u00e9 revog\u00e1vel a qualquer momento comunicando-o a Ana Ru\u00edz Herraiz, tal como explicado nesta Pol\u00edtica de Privacidade para o exerc\u00edcio dos teus direitos.<\/p>\n<p>Esta revoga\u00e7\u00e3o em nenhum caso ter\u00e1 efeito retroativo.<\/p>\n<p>Menores de 13 anos<\/p>\n<p>No caso de pessoas menores de treze anos neste site, \u00e9 necess\u00e1rio o consentimento dos pais ou tutores para o tratamento dos seus dados pessoais.<\/p>\n<p>Em nenhum caso ser\u00e3o recolhidos de uma pessoa menor de idade dados relativos \u00e0 situa\u00e7\u00e3o profissional, econ\u00f3mica ou \u00e0 intimidade de outras pessoas membros da fam\u00edlia, sem o consentimento das mesmas.<\/p>\n<p>Se \u00e9s menor de treze anos e acedeste a este site sem avisar os teus pais ou tutores, n\u00e3o deves te registar como utilizador.<\/p>\n<p>Correios comerciaisDe acordo com a Lei 34\/2002 de Servi\u00e7os da Sociedade da Informa\u00e7\u00e3o e de Com\u00e9rcio Eletr\u00f3nico, almenas.es n\u00e3o pratica SPAM, pelo que n\u00e3o envia correios comerciais por via eletr\u00f3nica que n\u00e3o tenham sido previamente solicitados e autorizados pela pessoa destinat\u00e1ria. Consequentemente, em cada um dos formul\u00e1rios existentes neste site, como utilizador tens a possibilidade de dar o teu consentimento expresso para receber o boletim ao qual te subscreves, independentemente das informa\u00e7\u00f5es comerciais que pontualmente possas solicitar.<\/p>\n<p>De acordo com o disposto nesta lei, almenas.es compromete-se a n\u00e3o enviar comunica\u00e7\u00f5es de car\u00e1ter comercial sem as identificar devidamente.<\/p>\n","protected":false},"excerpt":{"rendered":"<p>Garantir a privacidade dos dados que nos fornece \u00e9 uma tarefa fundamental para o Centro Canino Las Almenas, por isso pedimos que leia atentamente esta pol\u00edtica de privacidade e nos forne\u00e7a seus dados apenas se estiver totalmente de acordo com a forma de trat\u00e1-los. Assim, como usu\u00e1rio, voc\u00ea pode ter certeza de que seus direitos [&hellip;]<\/p>\n","protected":false},"author":1,"featured_media":0,"parent":0,"menu_order":0,"comment_status":"closed","ping_status":"closed","template":"","meta":{"footnotes":""},"class_list":["post-6711","page","type-page","status-publish","hentry"],"_links":{"self":[{"href":"https:\/\/centrocaninosiemprecan.es\/pt-pt\/wp-json\/wp\/v2\/pages\/6711","targetHints":{"allow":["GET"]}}],"collection":[{"href":"https:\/\/centrocaninosiemprecan.es\/pt-pt\/wp-json\/wp\/v2\/pages"}],"about":[{"href":"https:\/\/centrocaninosiemprecan.es\/pt-pt\/wp-json\/wp\/v2\/types\/page"}],"author":[{"embeddable":true,"href":"https:\/\/centrocaninosiemprecan.es\/pt-pt\/wp-json\/wp\/v2\/users\/1"}],"replies":[{"embeddable":true,"href":"https:\/\/centrocaninosiemprecan.es\/pt-pt\/wp-json\/wp\/v2\/comments?post=6711"}],"version-history":[{"count":5,"href":"https:\/\/centrocaninosiemprecan.es\/pt-pt\/wp-json\/wp\/v2\/pages\/6711\/revisions"}],"predecessor-version":[{"id":6716,"href":"https:\/\/centrocaninosiemprecan.es\/pt-pt\/wp-json\/wp\/v2\/pages\/6711\/revisions\/6716"}],"wp:attachment":[{"href":"https:\/\/centrocaninosiemprecan.es\/pt-pt\/wp-json\/wp\/v2\/media?parent=6711"}],"curies":[{"name":"wp","href":"https:\/\/api.w.org\/{rel}","templated":true}]}}